{"id":152,"date":"2018-08-27T11:05:19","date_gmt":"2018-08-27T11:05:19","guid":{"rendered":"http:\/\/ferienlager-camp-david.de\/?page_id=152"},"modified":"2026-01-16T20:21:14","modified_gmt":"2026-01-16T20:21:14","slug":"unser-angebot-fuer-sie-in-uebersicht","status":"publish","type":"page","link":"https:\/\/ferienlager-camp-david.de\/?page_id=152","title":{"rendered":"Unser Angebot f\u00fcr Sie in \u00dcbersicht&#8230;"},"content":{"rendered":"<table style=\"height: 2002px;\" border=\"0\" width=\"580\" cellspacing=\"0\" cellpadding=\"0\">\n<colgroup>\n<col width=\"511\" \/>\n<col width=\"333\" \/><\/colgroup>\n<tbody>\n<tr>\n<td class=\"xl68\" width=\"511\" height=\"21\"><span style=\"color: #0000ff;\"><strong>\u00dcbernachtung im Ferienlager Camp David\u00a0<\/strong><\/span><\/td>\n<td width=\"333\"><\/td>\n<\/tr>\n<tr>\n<td class=\"xl69\" height=\"21\"><\/td>\n<td><\/td>\n<\/tr>\n<tr>\n<td class=\"xl69\" height=\"21\">Preise gelten pro Person pro \u00dcbernachtung (Selbstversorger)<\/td>\n<td><\/td>\n<\/tr>\n<tr>\n<td class=\"xl69\" height=\"21\"><\/td>\n<td><\/td>\n<\/tr>\n<tr>\n<td class=\"xl69\" height=\"21\">0 &#8211; 4 Jahre<\/td>\n<td>frei<\/td>\n<\/tr>\n<tr>\n<td class=\"xl69\" height=\"21\">5 &#8211; 17 Jahre<\/td>\n<td>14,- EUR<\/td>\n<\/tr>\n<tr>\n<td class=\"xl69\" height=\"21\">18 &#8211; 99 Jahre<\/td>\n<td>18,- EUR<\/td>\n<\/tr>\n<tr>\n<td height=\"21\"><\/td>\n<td><\/td>\n<\/tr>\n<tr>\n<td class=\"xl66\" height=\"21\">\n<div><\/div>\n<div>\n<div>Zeltplatznutzung pro Tag\/pro Person<\/div>\n<\/div>\n<\/td>\n<td>8,- EUR<\/td>\n<\/tr>\n<tr>\n<td height=\"21\">Camper\/Wohnmobil pro Tag\/pro Person<\/td>\n<td>8,- EUR<\/td>\n<\/tr>\n<tr>\n<td height=\"21\">Standgeb\u00fchr Wohnmobil \/ Camper pro Tag<\/td>\n<td class=\"xl65\">15,- EUR<\/td>\n<\/tr>\n<tr>\n<td height=\"21\">Bettw\u00e4sche (einmalig pro Aufenthalt)<\/td>\n<td>6,- EUR<\/td>\n<\/tr>\n<tr>\n<td height=\"21\"><\/td>\n<td><\/td>\n<\/tr>\n<tr>\n<td height=\"21\">Haustiere (nach vorheriger Absprache! &#8211; pro \u00dcbernachtung)<\/td>\n<td>5,- EUR<\/td>\n<\/tr>\n<tr>\n<td height=\"21\"><\/td>\n<td><\/td>\n<\/tr>\n<tr>\n<td height=\"21\"><\/td>\n<td class=\"xl65\"><\/td>\n<\/tr>\n<tr>\n<td class=\"xl67\" height=\"21\"><span style=\"color: #008000;\"><strong>Folgende Angebote k\u00f6nnen Sie sich individuell zusammenstellen:<\/strong><\/span><\/td>\n<td><\/td>\n<\/tr>\n<tr>\n<td height=\"21\"><\/td>\n<td><\/td>\n<\/tr>\n<tr>\n<td class=\"xl66\" height=\"21\">\n<div>\n<div>Nutzung Haupthaus (komplett ausgestattete K\u00fcche f\u00fcr 30 Personen, Speiseraum, Billiard)<\/div>\n<\/div>\n<\/td>\n<td>100,- EUR<\/td>\n<\/tr>\n<tr>\n<td class=\"xl66\" height=\"21\"><\/td>\n<td><\/td>\n<\/tr>\n<tr>\n<td class=\"xl66\" height=\"21\">\n<div>\n<div>Nutzung Haupthaus ohne \u00dcbernachtungen\u00a0 (z.B. nur f\u00fcr Familienfeiern)<\/div>\n<\/div>\n<\/td>\n<td>150,- EUR<\/td>\n<\/tr>\n<tr>\n<td class=\"xl66\" height=\"21\"><\/td>\n<td><\/td>\n<\/tr>\n<tr>\n<td class=\"xl66\" height=\"21\">\n<div><\/div>\n<div>\n<div>Seminarraum im Haupthaus (zur Zeit nicht buchbar)<\/div>\n<\/div>\n<\/td>\n<td>\n<hr \/>\n<p>25,- EUR<\/td>\n<\/tr>\n<tr>\n<td class=\"xl66\" height=\"21\"><\/td>\n<td><\/td>\n<\/tr>\n<tr>\n<td class=\"xl66\" height=\"21\">\n<div><span style=\"font-family: inherit; font-size: inherit;\">Zeltpakete &#8211; Festzelt 6 x 12 m <\/span><\/div>\n<div><\/div>\n<div>oder 6 x 4 m<\/div>\n<div><\/div>\n<div>mit jeweils incl. Aufbau<\/div>\n<\/td>\n<td>180,- EUR<\/p>\n<p>150,- EUR<\/td>\n<\/tr>\n<tr>\n<td height=\"21\">\n<div>\n<div>Bierzeltgarnitur (einzeln &#8211; Tisch und zwei B\u00e4nke)<\/div>\n<\/div>\n<\/td>\n<td>8,- EUR<\/td>\n<\/tr>\n<tr>\n<td class=\"xl66\" height=\"21\">Holz f\u00fcr Lagerfeuer 15,- EUR (pauschal)<\/td>\n<td>15,- EUR<\/td>\n<\/tr>\n<tr>\n<td class=\"xl66\" height=\"21\">Grillpaket (S\u00e4ulengrill, Holzkohle und Anz\u00fcnder)<\/td>\n<td>15,- EUR<\/td>\n<\/tr>\n<tr>\n<td class=\"xl66\" height=\"21\">Dreibein mit Kessel<\/td>\n<td>5,- EUR<\/td>\n<\/tr>\n<tr>\n<td class=\"xl66\" height=\"21\">Feuerschale<\/td>\n<td>15,- EUR<\/td>\n<\/tr>\n<tr>\n<td class=\"xl66\" height=\"21\"><\/td>\n<td><\/td>\n<\/tr>\n<tr>\n<td class=\"xl66\" height=\"21\">Spielebox Outdoor &#8211; Tischtennisb\u00e4llen, -kellen, Federballsets, Boulee, Wikingerschach etc.)<\/td>\n<td>30,- Pfand vor Ort<\/td>\n<\/tr>\n<tr>\n<td class=\"xl66\" height=\"21\"><\/td>\n<td><\/td>\n<\/tr>\n<tr>\n<td class=\"xl66\" height=\"21\">Spiele Indoor &#8211; verschiedene Brett- und Gesellschaftsspiele<\/td>\n<td>15,- Pfand vor Ort<\/td>\n<\/tr>\n<tr>\n<td class=\"xl66\" height=\"21\"><\/td>\n<td><\/td>\n<\/tr>\n<tr>\n<td class=\"xl66\" height=\"21\"><\/td>\n<td><\/td>\n<\/tr>\n<tr>\n<td class=\"xl66\" height=\"21\"><\/td>\n<td><\/td>\n<\/tr>\n<tr>\n<td class=\"xl66\" height=\"21\"><\/td>\n<td><\/td>\n<\/tr>\n<tr>\n<td class=\"xl66\" height=\"21\"><\/td>\n<td><\/td>\n<\/tr>\n<tr>\n<td class=\"xl66\" height=\"21\"><\/td>\n<td><\/td>\n<\/tr>\n<tr>\n<td class=\"xl66\" height=\"21\"><\/td>\n<td><\/td>\n<\/tr>\n<\/tbody>\n<\/table>\n<p><!--more--><\/p>\n<p><!--more--><\/p>\n<p>&nbsp;<\/p>\n<p>F\u00fcr eine konkrete Anfrage nutzen Sie unseren Onlineservice: <a href=\"http:\/\/ferienlager-camp-david.de\/?page_id=36\">Buchungsanfrage<\/a> oder nehmen Sie <a href=\"http:\/\/ferienlager-camp-david.de\/?page_id=54\">Kontakt<\/a> mit uns auf.<\/p>\n<p>Gerne k\u00fcmmern wir uns pers\u00f6nlich um Ihre W\u00fcnsche.<\/p>\n","protected":false},"excerpt":{"rendered":"<p>\u00dcbernachtung im Ferienlager Camp David\u00a0 Preise gelten pro Person pro \u00dcbernachtung (Selbstversorger) 0 &#8211; 4 Jahre frei 5 &#8211; 17 Jahre 14,- EUR 18 &#8211; 99 Jahre 18,- EUR Zeltplatznutzung pro Tag\/pro Person 8,- EUR Camper\/Wohnmobil pro Tag\/pro Person 8,- EUR Standgeb\u00fchr Wohnmobil \/ Camper pro Tag 15,- EUR Bettw\u00e4sche (einmalig pro Aufenthalt) 6,- EUR &hellip; <\/p>\n<p class=\"link-more\"><a href=\"https:\/\/ferienlager-camp-david.de\/?page_id=152\" class=\"more-link\"><span class=\"screen-reader-text\">&#8222;Unser Angebot f\u00fcr Sie in \u00dcbersicht&#8230;&#8220;<\/span> weiterlesen<\/a><\/p>\n","protected":false},"author":1,"featured_media":158,"parent":0,"menu_order":0,"comment_status":"closed","ping_status":"closed","template":"","meta":{"footnotes":""},"class_list":["post-152","page","type-page","status-publish","has-post-thumbnail","hentry"],"_links":{"self":[{"href":"https:\/\/ferienlager-camp-david.de\/index.php?rest_route=\/wp\/v2\/pages\/152","targetHints":{"allow":["GET"]}}],"collection":[{"href":"https:\/\/ferienlager-camp-david.de\/index.php?rest_route=\/wp\/v2\/pages"}],"about":[{"href":"https:\/\/ferienlager-camp-david.de\/index.php?rest_route=\/wp\/v2\/types\/page"}],"author":[{"embeddable":true,"href":"https:\/\/ferienlager-camp-david.de\/index.php?rest_route=\/wp\/v2\/users\/1"}],"replies":[{"embeddable":true,"href":"https:\/\/ferienlager-camp-david.de\/index.php?rest_route=%2Fwp%2Fv2%2Fcomments&post=152"}],"version-history":[{"count":21,"href":"https:\/\/ferienlager-camp-david.de\/index.php?rest_route=\/wp\/v2\/pages\/152\/revisions"}],"predecessor-version":[{"id":298,"href":"https:\/\/ferienlager-camp-david.de\/index.php?rest_route=\/wp\/v2\/pages\/152\/revisions\/298"}],"wp:featuredmedia":[{"embeddable":true,"href":"https:\/\/ferienlager-camp-david.de\/index.php?rest_route=\/wp\/v2\/media\/158"}],"wp:attachment":[{"href":"https:\/\/ferienlager-camp-david.de\/index.php?rest_route=%2Fwp%2Fv2%2Fmedia&parent=152"}],"curies":[{"name":"wp","href":"https:\/\/api.w.org\/{rel}","templated":true}]}}